{"id":3345,"date":"2024-10-29T16:35:37","date_gmt":"2024-10-29T15:35:37","guid":{"rendered":"https:\/\/www.anglet-electricite.com\/?page_id=3345"},"modified":"2024-10-30T21:33:54","modified_gmt":"2024-10-30T20:33:54","slug":"accueil","status":"publish","type":"page","link":"https:\/\/www.anglet-electricite.com\/","title":{"rendered":"Accueil"},"content":{"rendered":"\t\t<div data-elementor-type=\"wp-page\" data-elementor-id=\"3345\" class=\"elementor elementor-3345\" data-elementor-post-type=\"page\">\n\t\t\t\t<div class=\"elementor-element elementor-element-d88ba72 e-flex e-con-boxed e-con e-parent\" data-id=\"d88ba72\" data-element_type=\"container\" data-e-type=\"container\" data-settings=\"{&quot;background_background&quot;:&quot;slideshow&quot;,&quot;background_slideshow_gallery&quot;:[{&quot;id&quot;:3314,&quot;url&quot;:&quot;http:\\\/\\\/www.anglet-electricite.com\\\/wp-content\\\/uploads\\\/2014\\\/11\\\/slide2.jpg&quot;},{&quot;id&quot;:3315,&quot;url&quot;:&quot;http:\\\/\\\/www.anglet-electricite.com\\\/wp-content\\\/uploads\\\/2014\\\/11\\\/slider3.jpg&quot;},{&quot;id&quot;:3316,&quot;url&quot;:&quot;http:\\\/\\\/www.anglet-electricite.com\\\/wp-content\\\/uploads\\\/2014\\\/11\\\/slide4.jpg&quot;}],&quot;background_slideshow_loop&quot;:&quot;yes&quot;,&quot;background_slideshow_slide_duration&quot;:5000,&quot;background_slideshow_slide_transition&quot;:&quot;fade&quot;,&quot;background_slideshow_transition_duration&quot;:500}\">\n\t\t\t\t\t<div class=\"e-con-inner\">\n\t\t\t\t\t<\/div>\n\t\t\t\t<\/div>\n\t\t<div class=\"elementor-element elementor-element-47d884b e-flex e-con-boxed e-con e-parent\" data-id=\"47d884b\" data-element_type=\"container\" data-e-type=\"container\" id=\"entreprise\" data-settings=\"{&quot;background_background&quot;:&quot;classic&quot;}\">\n\t\t\t\t\t<div class=\"e-con-inner\">\n\t\t\t\t<div class=\"elementor-element elementor-element-6b0b985 elementor-widget elementor-widget-heading\" data-id=\"6b0b985\" data-element_type=\"widget\" data-e-type=\"widget\" data-widget_type=\"heading.default\">\n\t\t\t\t<div class=\"elementor-widget-container\">\n\t\t\t\t\t<h2 class=\"elementor-heading-title elementor-size-default\">Anglet Electricit\u00e9, pr\u00e9sentation de l'entreprise<\/h2>\t\t\t\t<\/div>\n\t\t\t\t<\/div>\n\t\t\t\t<div class=\"elementor-element elementor-element-5e27012 elementor-widget-divider--view-line elementor-widget elementor-widget-divider\" data-id=\"5e27012\" data-element_type=\"widget\" data-e-type=\"widget\" data-widget_type=\"divider.default\">\n\t\t\t\t<div class=\"elementor-widget-container\">\n\t\t\t\t\t\t\t<div class=\"elementor-divider\">\n\t\t\t<span class=\"elementor-divider-separator\">\n\t\t\t\t\t\t<\/span>\n\t\t<\/div>\n\t\t\t\t\t\t<\/div>\n\t\t\t\t<\/div>\n\t\t\t\t<div class=\"elementor-element elementor-element-4e3f9fa elementor-widget elementor-widget-heading\" data-id=\"4e3f9fa\" data-element_type=\"widget\" data-e-type=\"widget\" data-widget_type=\"heading.default\">\n\t\t\t\t<div class=\"elementor-widget-container\">\n\t\t\t\t\t<h3 class=\"elementor-heading-title elementor-size-default\">JE NE SUIS PAS UN SIMPLE \u00c9LECTRICIEN ...<\/h3>\t\t\t\t<\/div>\n\t\t\t\t<\/div>\n\t\t\t\t\t<\/div>\n\t\t\t\t<\/div>\n\t\t<div class=\"elementor-element elementor-element-b8e9a9a e-flex e-con-boxed e-con e-parent\" data-id=\"b8e9a9a\" data-element_type=\"container\" data-e-type=\"container\" data-settings=\"{&quot;background_background&quot;:&quot;classic&quot;}\">\n\t\t\t\t\t<div class=\"e-con-inner\">\n\t\t<div class=\"elementor-element elementor-element-d9bbc0d e-con-full e-flex e-con e-child\" data-id=\"d9bbc0d\" data-element_type=\"container\" data-e-type=\"container\">\n\t\t\t\t<div class=\"elementor-element elementor-element-49c7c7a elementor-widget elementor-widget-image\" data-id=\"49c7c7a\" data-element_type=\"widget\" data-e-type=\"widget\" data-widget_type=\"image.default\">\n\t\t\t\t<div class=\"elementor-widget-container\">\n\t\t\t\t\t\t\t\t\t\t\t\t\t\t\t<img fetchpriority=\"high\" decoding=\"async\" width=\"377\" height=\"300\" src=\"https:\/\/www.anglet-electricite.com\/wp-content\/uploads\/2014\/11\/jeje2.png\" class=\"attachment-large size-large wp-image-3318\" alt=\"\" srcset=\"https:\/\/www.anglet-electricite.com\/wp-content\/uploads\/2014\/11\/jeje2.png 377w, https:\/\/www.anglet-electricite.com\/wp-content\/uploads\/2014\/11\/jeje2-300x238.png 300w\" sizes=\"(max-width: 377px) 100vw, 377px\" \/>\t\t\t\t\t\t\t\t\t\t\t\t\t\t\t<\/div>\n\t\t\t\t<\/div>\n\t\t\t\t<\/div>\n\t\t<div class=\"elementor-element elementor-element-31c150a e-con-full e-flex e-con e-child\" data-id=\"31c150a\" data-element_type=\"container\" data-e-type=\"container\">\n\t\t\t\t<div class=\"elementor-element elementor-element-6defd7f elementor-widget elementor-widget-text-editor\" data-id=\"6defd7f\" data-element_type=\"widget\" data-e-type=\"widget\" data-widget_type=\"text-editor.default\">\n\t\t\t\t<div class=\"elementor-widget-container\">\n\t\t\t\t\t\t\t\t\t<p class=\"p1\">En tant qu&rsquo;\u00e9lectricien qualifi\u00e9, je me doit de vous conseiller, \u00eatre en mesure de concevoir, r\u00e9aliser et d\u00e9panner une installation \u00e9lectrique dans le respect des normes en vigueurs et assurer le SAV dans les meilleurs d\u00e9lais.<\/p><p class=\"p1\">Je suis constamment les \u00e9volutions des normes et des offres mat\u00e9rielles et technologiques.<\/p><p class=\"p1\">Mon m\u00e9tier est en constante \u00e9volution, je suis capable d&rsquo;\u00e9couter vos besoins et de les mettre en formes.<\/p><p class=\"p1\">J\u00e9r\u00f4me Chodernic<\/p>\t\t\t\t\t\t\t\t<\/div>\n\t\t\t\t<\/div>\n\t\t\t\t<\/div>\n\t\t\t\t\t<\/div>\n\t\t\t\t<\/div>\n\t\t<div class=\"elementor-element elementor-element-2fb8059 e-flex e-con-boxed e-con e-parent\" data-id=\"2fb8059\" data-element_type=\"container\" data-e-type=\"container\" id=\"service\" data-settings=\"{&quot;background_background&quot;:&quot;classic&quot;}\">\n\t\t\t\t\t<div class=\"e-con-inner\">\n\t\t\t\t<div class=\"elementor-element elementor-element-d0fedf8 elementor-widget elementor-widget-heading\" data-id=\"d0fedf8\" data-element_type=\"widget\" data-e-type=\"widget\" data-widget_type=\"heading.default\">\n\t\t\t\t<div class=\"elementor-widget-container\">\n\t\t\t\t\t<h2 class=\"elementor-heading-title elementor-size-default\">DOMAINES D'INTERVENTIONS<\/h2>\t\t\t\t<\/div>\n\t\t\t\t<\/div>\n\t\t\t\t<div class=\"elementor-element elementor-element-da4ea13 elementor-widget-divider--view-line elementor-widget elementor-widget-divider\" data-id=\"da4ea13\" data-element_type=\"widget\" data-e-type=\"widget\" data-widget_type=\"divider.default\">\n\t\t\t\t<div class=\"elementor-widget-container\">\n\t\t\t\t\t\t\t<div class=\"elementor-divider\">\n\t\t\t<span class=\"elementor-divider-separator\">\n\t\t\t\t\t\t<\/span>\n\t\t<\/div>\n\t\t\t\t\t\t<\/div>\n\t\t\t\t<\/div>\n\t\t\t\t<div class=\"elementor-element elementor-element-58cd3e5 elementor-widget elementor-widget-text-editor\" data-id=\"58cd3e5\" data-element_type=\"widget\" data-e-type=\"widget\" data-widget_type=\"text-editor.default\">\n\t\t\t\t<div class=\"elementor-widget-container\">\n\t\t\t\t\t\t\t\t\t<p class=\"p1\">L&rsquo;entreprise artisanale Anglet \u00e9lectricit\u00e9 est en mesure de r\u00e9aliser dans les r\u00e8gles de l&rsquo;art tout type d&rsquo;installations \u00e9lectriques, des plus<\/p><p class=\"p1\">simples aux plus complexes grace a un savoir-talre acquis sur de nombreux chantiers presentant un large panel a installations electriques aont vous pouvez voir quelques exemples ci-dessous :<\/p>\t\t\t\t\t\t\t\t<\/div>\n\t\t\t\t<\/div>\n\t\t\t\t\t<\/div>\n\t\t\t\t<\/div>\n\t\t<div class=\"elementor-element elementor-element-712f6fe e-flex e-con-boxed e-con e-parent\" data-id=\"712f6fe\" data-element_type=\"container\" data-e-type=\"container\">\n\t\t\t\t\t<div class=\"e-con-inner\">\n\t\t<div class=\"elementor-element elementor-element-8db5a50 e-con-full e-flex e-con e-child\" data-id=\"8db5a50\" data-element_type=\"container\" data-e-type=\"container\">\n\t\t\t\t<div class=\"elementor-element elementor-element-6045151 elementor-widget elementor-widget-text-editor\" data-id=\"6045151\" data-element_type=\"widget\" data-e-type=\"widget\" data-widget_type=\"text-editor.default\">\n\t\t\t\t<div class=\"elementor-widget-container\">\n\t\t\t\t\t\t\t\t\t<p>\u2022 Installations \u00e9lectriques dans le neuf<br \/>\u2022 Installations \u00e9lectriques dans l&rsquo;ancien<br \/>\u2022 Installations \u00e9lectriques dans le tertiaire (bureau)<br \/>\u2022 Installation electrique dans des petits commerces<br \/>\u2022 R\u00e9novation et r\u00e9habilitation d&rsquo;installation \u00e9lectrique<br \/>\u2022 Installation de VMC<br \/>\u2022 R\u00e9alisation d&rsquo;\u00e9clairage d\u00e9coratif<br \/>\u2022 Installation d&rsquo;\u00e9clairage de secours<br \/>\u2022 Mises aux normes \u00e9lectriques NFC 15-100<br \/>\u2022 Installation de chaufage \u00e9lectrique<\/p>\t\t\t\t\t\t\t\t<\/div>\n\t\t\t\t<\/div>\n\t\t\t\t<\/div>\n\t\t<div class=\"elementor-element elementor-element-4c465d6 e-con-full e-flex e-con e-child\" data-id=\"4c465d6\" data-element_type=\"container\" data-e-type=\"container\">\n\t\t\t\t<div class=\"elementor-element elementor-element-588e3b1 elementor-widget elementor-widget-text-editor\" data-id=\"588e3b1\" data-element_type=\"widget\" data-e-type=\"widget\" data-widget_type=\"text-editor.default\">\n\t\t\t\t<div class=\"elementor-widget-container\">\n\t\t\t\t\t\t\t\t\t<p>\u2022 C\u00e2blage de tableau \u00e9lectrique et coffret de communication<br \/>\u2022 Mise en s\u00e9curit\u00e9 d&rsquo;une installation \u00e9lectrique<br \/>\u2022 R\u00e9fection des terres<br \/>\u2022 Raccordement de tout type de mat\u00e9riel \u00e9lectrique<br \/>\u2022 Installation \u00e9lectrique dans des entrep\u00f4ts<br \/>\u2022 Installation d&rsquo;interphone et visiophone<br \/>\u2022 Installation d&rsquo;automatisme de portail<br \/>\u2022 C\u00e2blage informatique<br \/>\u2022 Pose d&rsquo;alarme<br \/>\u2022 Domotique<\/p>\t\t\t\t\t\t\t\t<\/div>\n\t\t\t\t<\/div>\n\t\t\t\t<\/div>\n\t\t\t\t\t<\/div>\n\t\t\t\t<\/div>\n\t\t<div class=\"elementor-element elementor-element-5a5a2b2 e-flex e-con-boxed e-con e-parent\" data-id=\"5a5a2b2\" data-element_type=\"container\" data-e-type=\"container\" id=\"materiel\" data-settings=\"{&quot;background_background&quot;:&quot;classic&quot;}\">\n\t\t\t\t\t<div class=\"e-con-inner\">\n\t\t\t\t<div class=\"elementor-element elementor-element-214f24c elementor-widget elementor-widget-heading\" data-id=\"214f24c\" data-element_type=\"widget\" data-e-type=\"widget\" data-widget_type=\"heading.default\">\n\t\t\t\t<div class=\"elementor-widget-container\">\n\t\t\t\t\t<h2 class=\"elementor-heading-title elementor-size-default\">DU MAT\u00c9RIEL FIABLE, DE QUALIT\u00c9, ERGONOMIQUE, ET SURTOUT INNOVANT<\/h2>\t\t\t\t<\/div>\n\t\t\t\t<\/div>\n\t\t\t\t<div class=\"elementor-element elementor-element-df66774 elementor-widget-divider--view-line elementor-widget elementor-widget-divider\" data-id=\"df66774\" data-element_type=\"widget\" data-e-type=\"widget\" data-widget_type=\"divider.default\">\n\t\t\t\t<div class=\"elementor-widget-container\">\n\t\t\t\t\t\t\t<div class=\"elementor-divider\">\n\t\t\t<span class=\"elementor-divider-separator\">\n\t\t\t\t\t\t<\/span>\n\t\t<\/div>\n\t\t\t\t\t\t<\/div>\n\t\t\t\t<\/div>\n\t\t\t\t<div class=\"elementor-element elementor-element-82a894f elementor-widget elementor-widget-text-editor\" data-id=\"82a894f\" data-element_type=\"widget\" data-e-type=\"widget\" data-widget_type=\"text-editor.default\">\n\t\t\t\t<div class=\"elementor-widget-container\">\n\t\t\t\t\t\t\t\t\t<p class=\"p1\">Il est pour moi primordial de poser du mat\u00e9riel fiable, de qualit\u00e9, ergonomique, et surtout innovant.<\/p><p class=\"p1\">Malgr\u00e9 une marge appliqu\u00e9e sur ce type de mat\u00e9riaux amoindrie, le choix d&rsquo;installer de l&rsquo;appareillage haut de gamme r\u00e9pond \u00e0 une politique de qualit\u00e9 essentielle \u00e0 la bonne image de marque d&rsquo;Anglet \u00c9lectricit\u00e9.<\/p><p class=\"p1\">Voici les principaux fabricants de mat\u00e9riel \u00e9lectrique avec lesquels j&rsquo;ai travaill\u00e9 pendant ces douze derni\u00e8res ann\u00e9es comme \u00e9lectricien sur le Pavs basque et le sud des landes.<\/p>\t\t\t\t\t\t\t\t<\/div>\n\t\t\t\t<\/div>\n\t\t\t\t\t<\/div>\n\t\t\t\t<\/div>\n\t\t<div class=\"elementor-element elementor-element-cfbd5b3 e-flex e-con-boxed e-con e-parent\" data-id=\"cfbd5b3\" data-element_type=\"container\" data-e-type=\"container\">\n\t\t\t\t\t<div class=\"e-con-inner\">\n\t\t\t\t<div class=\"elementor-element elementor-element-6564dcf elementor-widget elementor-widget-image-carousel\" data-id=\"6564dcf\" data-element_type=\"widget\" data-e-type=\"widget\" data-settings=\"{&quot;slides_to_show&quot;:&quot;5&quot;,&quot;navigation&quot;:&quot;none&quot;,&quot;autoplay_speed&quot;:2000,&quot;speed&quot;:300,&quot;image_spacing_custom&quot;:{&quot;unit&quot;:&quot;px&quot;,&quot;size&quot;:86,&quot;sizes&quot;:[]},&quot;autoplay&quot;:&quot;yes&quot;,&quot;pause_on_hover&quot;:&quot;yes&quot;,&quot;pause_on_interaction&quot;:&quot;yes&quot;,&quot;infinite&quot;:&quot;yes&quot;,&quot;image_spacing_custom_tablet&quot;:{&quot;unit&quot;:&quot;px&quot;,&quot;size&quot;:&quot;&quot;,&quot;sizes&quot;:[]},&quot;image_spacing_custom_mobile&quot;:{&quot;unit&quot;:&quot;px&quot;,&quot;size&quot;:&quot;&quot;,&quot;sizes&quot;:[]}}\" data-widget_type=\"image-carousel.default\">\n\t\t\t\t<div class=\"elementor-widget-container\">\n\t\t\t\t\t\t\t<div class=\"elementor-image-carousel-wrapper swiper\" role=\"region\" aria-roledescription=\"carousel\" aria-label=\"Carrousel d\u2019images\" dir=\"ltr\">\n\t\t\t<div class=\"elementor-image-carousel swiper-wrapper\" aria-live=\"off\">\n\t\t\t\t\t\t\t\t<div class=\"swiper-slide\" role=\"group\" aria-roledescription=\"slide\" aria-label=\"1 sur 12\"><figure class=\"swiper-slide-inner\"><img decoding=\"async\" class=\"swiper-slide-image\" src=\"https:\/\/www.anglet-electricite.com\/wp-content\/uploads\/2014\/11\/legrand.jpg\" alt=\"legrand\" \/><\/figure><\/div><div class=\"swiper-slide\" role=\"group\" aria-roledescription=\"slide\" aria-label=\"2 sur 12\"><figure class=\"swiper-slide-inner\"><img decoding=\"async\" class=\"swiper-slide-image\" src=\"https:\/\/www.anglet-electricite.com\/wp-content\/uploads\/2014\/11\/osram.jpg\" alt=\"osram\" \/><\/figure><\/div><div class=\"swiper-slide\" role=\"group\" aria-roledescription=\"slide\" aria-label=\"3 sur 12\"><figure class=\"swiper-slide-inner\"><img decoding=\"async\" class=\"swiper-slide-image\" src=\"https:\/\/www.anglet-electricite.com\/wp-content\/uploads\/2014\/11\/somfy.jpg\" alt=\"somfy\" \/><\/figure><\/div><div class=\"swiper-slide\" role=\"group\" aria-roledescription=\"slide\" aria-label=\"4 sur 12\"><figure class=\"swiper-slide-inner\"><img decoding=\"async\" class=\"swiper-slide-image\" src=\"https:\/\/www.anglet-electricite.com\/wp-content\/uploads\/2014\/11\/arnould.jpg\" alt=\"arnould\" \/><\/figure><\/div><div class=\"swiper-slide\" role=\"group\" aria-roledescription=\"slide\" aria-label=\"5 sur 12\"><figure class=\"swiper-slide-inner\"><img decoding=\"async\" class=\"swiper-slide-image\" src=\"https:\/\/www.anglet-electricite.com\/wp-content\/uploads\/2014\/11\/hager1.jpg\" alt=\"hager\" \/><\/figure><\/div><div class=\"swiper-slide\" role=\"group\" aria-roledescription=\"slide\" aria-label=\"6 sur 12\"><figure class=\"swiper-slide-inner\"><img decoding=\"async\" class=\"swiper-slide-image\" src=\"https:\/\/www.anglet-electricite.com\/wp-content\/uploads\/2014\/11\/philipps.jpg\" alt=\"philipps\" \/><\/figure><\/div><div class=\"swiper-slide\" role=\"group\" aria-roledescription=\"slide\" aria-label=\"7 sur 12\"><figure class=\"swiper-slide-inner\"><img decoding=\"async\" class=\"swiper-slide-image\" src=\"https:\/\/www.anglet-electricite.com\/wp-content\/uploads\/2014\/11\/atlantic.jpg\" alt=\"atlantic\" \/><\/figure><\/div><div class=\"swiper-slide\" role=\"group\" aria-roledescription=\"slide\" aria-label=\"8 sur 12\"><figure class=\"swiper-slide-inner\"><img decoding=\"async\" class=\"swiper-slide-image\" src=\"https:\/\/www.anglet-electricite.com\/wp-content\/uploads\/2014\/11\/thermor.jpg\" alt=\"thermor\" \/><\/figure><\/div><div class=\"swiper-slide\" role=\"group\" aria-roledescription=\"slide\" aria-label=\"9 sur 12\"><figure class=\"swiper-slide-inner\"><img decoding=\"async\" class=\"swiper-slide-image\" src=\"https:\/\/www.anglet-electricite.com\/wp-content\/uploads\/2014\/11\/noirot1.jpg\" alt=\"noirot\" \/><\/figure><\/div><div class=\"swiper-slide\" role=\"group\" aria-roledescription=\"slide\" aria-label=\"10 sur 12\"><figure class=\"swiper-slide-inner\"><img decoding=\"async\" class=\"swiper-slide-image\" src=\"https:\/\/www.anglet-electricite.com\/wp-content\/uploads\/2014\/11\/bticino.jpg\" alt=\"bticino\" \/><\/figure><\/div><div class=\"swiper-slide\" role=\"group\" aria-roledescription=\"slide\" aria-label=\"11 sur 12\"><figure class=\"swiper-slide-inner\"><img decoding=\"async\" class=\"swiper-slide-image\" src=\"https:\/\/www.anglet-electricite.com\/wp-content\/uploads\/2014\/11\/aiphone.jpg\" alt=\"aiphone\" \/><\/figure><\/div><div class=\"swiper-slide\" role=\"group\" aria-roledescription=\"slide\" aria-label=\"12 sur 12\"><figure class=\"swiper-slide-inner\"><img decoding=\"async\" class=\"swiper-slide-image\" src=\"https:\/\/www.anglet-electricite.com\/wp-content\/uploads\/2014\/11\/campa1.jpg\" alt=\"campa\" \/><\/figure><\/div>\t\t\t<\/div>\n\t\t\t\t\t\t\t\n\t\t\t\t\t\t\t\t\t<\/div>\n\t\t\t\t\t\t<\/div>\n\t\t\t\t<\/div>\n\t\t\t\t\t<\/div>\n\t\t\t\t<\/div>\n\t\t<div class=\"elementor-element elementor-element-df22872 e-flex e-con-boxed e-con e-parent\" data-id=\"df22872\" data-element_type=\"container\" data-e-type=\"container\" data-settings=\"{&quot;background_background&quot;:&quot;classic&quot;}\">\n\t\t\t\t\t<div class=\"e-con-inner\">\n\t\t\t\t\t<\/div>\n\t\t\t\t<\/div>\n\t\t<div class=\"elementor-element elementor-element-54c7e83 e-flex e-con-boxed e-con e-parent\" data-id=\"54c7e83\" data-element_type=\"container\" data-e-type=\"container\" id=\"contact\">\n\t\t\t\t\t<div class=\"e-con-inner\">\n\t\t<div class=\"elementor-element elementor-element-ce3d0f1 e-con-full e-flex e-con e-child\" data-id=\"ce3d0f1\" data-element_type=\"container\" data-e-type=\"container\">\n\t\t\t\t<div class=\"elementor-element elementor-element-a1f9e60 elementor-widget elementor-widget-text-editor\" data-id=\"a1f9e60\" data-element_type=\"widget\" data-e-type=\"widget\" data-widget_type=\"text-editor.default\">\n\t\t\t\t<div class=\"elementor-widget-container\">\n\t\t\t\t\t\t\t\t\t<p><strong>CONTACTEZ MOI<\/strong><\/p>\n<p>41 rue de Hausquette<br>64600 Anglet<\/p>\n<p>T\u00e9l. 06 35 37 05 531<br><span style=\"font-family: var( --e-global-typography-text-font-family ), Sans-serif; font-weight: var( --e-global-typography-text-font-weight ); text-align: var(--text-align); font-size: 1rem;\">Email. jerome@anglet-electricite.com<\/span><\/p>\t\t\t\t\t\t\t\t<\/div>\n\t\t\t\t<\/div>\n\t\t\t\t<\/div>\n\t\t<div class=\"elementor-element elementor-element-13f787f e-con-full e-flex e-con e-child\" data-id=\"13f787f\" data-element_type=\"container\" data-e-type=\"container\">\n\t\t\t\t<div class=\"elementor-element elementor-element-75b8b0d elementor-button-align-stretch elementor-widget elementor-widget-form\" data-id=\"75b8b0d\" data-element_type=\"widget\" data-e-type=\"widget\" data-settings=\"{&quot;step_next_label&quot;:&quot;Next&quot;,&quot;step_previous_label&quot;:&quot;Previous&quot;,&quot;button_width&quot;:&quot;100&quot;,&quot;step_type&quot;:&quot;number_text&quot;,&quot;step_icon_shape&quot;:&quot;circle&quot;}\" data-widget_type=\"form.default\">\n\t\t\t\t<div class=\"elementor-widget-container\">\n\t\t\t\t\t\t\t<form class=\"elementor-form\" method=\"post\" name=\"New Form\">\n\t\t\t<input type=\"hidden\" name=\"post_id\" value=\"3345\"\/>\n\t\t\t<input type=\"hidden\" name=\"form_id\" value=\"75b8b0d\"\/>\n\t\t\t<input type=\"hidden\" name=\"referer_title\" value=\"\" \/>\n\n\t\t\t\t\t\t\t<input type=\"hidden\" name=\"queried_id\" value=\"3345\"\/>\n\t\t\t\n\t\t\t<div class=\"elementor-form-fields-wrapper elementor-labels-above\">\n\t\t\t\t\t\t\t\t<div class=\"elementor-field-type-text elementor-field-group elementor-column elementor-field-group-name elementor-col-100 elementor-field-required\">\n\t\t\t\t\t\t\t\t\t\t\t\t\t<input size=\"1\" type=\"text\" name=\"form_fields[name]\" id=\"form-field-name\" class=\"elementor-field elementor-size-sm  elementor-field-textual\" placeholder=\"Votre nom\" required=\"required\" aria-required=\"true\">\n\t\t\t\t\t\t\t\t\t\t\t<\/div>\n\t\t\t\t\t\t\t\t<div class=\"elementor-field-type-email elementor-field-group elementor-column elementor-field-group-email elementor-col-100 elementor-field-required\">\n\t\t\t\t\t\t\t\t\t\t\t\t\t<input size=\"1\" type=\"email\" name=\"form_fields[email]\" id=\"form-field-email\" class=\"elementor-field elementor-size-sm  elementor-field-textual\" placeholder=\"Votre email \" required=\"required\" aria-required=\"true\">\n\t\t\t\t\t\t\t\t\t\t\t<\/div>\n\t\t\t\t\t\t\t\t<div class=\"elementor-field-type-tel elementor-field-group elementor-column elementor-field-group-field_e4ed172 elementor-col-100 elementor-field-required\">\n\t\t\t\t\t\t\t<input size=\"1\" type=\"tel\" name=\"form_fields[field_e4ed172]\" id=\"form-field-field_e4ed172\" class=\"elementor-field elementor-size-sm  elementor-field-textual\" placeholder=\"T\u00e9l\u00e9phone\" required=\"required\" aria-required=\"true\" pattern=\"[0-9()#&amp;+*-=.]+\" title=\"Only numbers and phone characters (#, -, *, etc) are accepted.\">\n\n\t\t\t\t\t\t<\/div>\n\t\t\t\t\t\t\t\t<div class=\"elementor-field-type-textarea elementor-field-group elementor-column elementor-field-group-message elementor-col-100 elementor-field-required\">\n\t\t\t\t\t<textarea class=\"elementor-field-textual elementor-field  elementor-size-sm\" name=\"form_fields[message]\" id=\"form-field-message\" rows=\"4\" placeholder=\"Votre demande \" required=\"required\" aria-required=\"true\"><\/textarea>\t\t\t\t<\/div>\n\t\t\t\t\t\t\t\t<div class=\"elementor-field-type-text\">\n\t\t\t\t\t<input size=\"1\" type=\"text\" name=\"form_fields[field_4e6eec9]\" id=\"form-field-field_4e6eec9\" class=\"elementor-field elementor-size-sm \" style=\"display:none !important;\">\t\t\t\t<\/div>\n\t\t\t\t\t\t\t\t<div class=\"elementor-field-group elementor-column elementor-field-type-submit elementor-col-100 e-form__buttons\">\n\t\t\t\t\t<button class=\"elementor-button elementor-size-sm\" type=\"submit\">\n\t\t\t\t\t\t<span class=\"elementor-button-content-wrapper\">\n\t\t\t\t\t\t\t\t\t\t\t\t\t\t\t\t\t\t\t\t\t\t<span class=\"elementor-button-text\">ENVOYER VOTRE MESSAGE<\/span>\n\t\t\t\t\t\t\t\t\t\t\t\t\t<\/span>\n\t\t\t\t\t<\/button>\n\t\t\t\t<\/div>\n\t\t\t<\/div>\n\t\t<\/form>\n\t\t\t\t\t\t<\/div>\n\t\t\t\t<\/div>\n\t\t\t\t<\/div>\n\t\t\t\t\t<\/div>\n\t\t\t\t<\/div>\n\t\t\t\t<\/div>\n\t\t","protected":false},"excerpt":{"rendered":"<p>Anglet Electricit\u00e9, pr\u00e9sentation de l&rsquo;entreprise JE NE SUIS PAS UN SIMPLE \u00c9LECTRICIEN &#8230; En tant qu&rsquo;\u00e9lectricien qualifi\u00e9, je me doit de vous conseiller, \u00eatre en mesure de concevoir, r\u00e9aliser et d\u00e9panner une installation \u00e9lectrique dans le respect des normes en vigueurs et assurer le SAV dans les meilleurs d\u00e9lais. Je suis constamment les \u00e9volutions des [&hellip;]<\/p>\n","protected":false},"author":1,"featured_media":0,"parent":0,"menu_order":0,"comment_status":"closed","ping_status":"closed","template":"elementor_header_footer","meta":{"footnotes":""},"class_list":["post-3345","page","type-page","status-publish","hentry"],"_links":{"self":[{"href":"https:\/\/www.anglet-electricite.com\/index.php?rest_route=\/wp\/v2\/pages\/3345"}],"collection":[{"href":"https:\/\/www.anglet-electricite.com\/index.php?rest_route=\/wp\/v2\/pages"}],"about":[{"href":"https:\/\/www.anglet-electricite.com\/index.php?rest_route=\/wp\/v2\/types\/page"}],"author":[{"embeddable":true,"href":"https:\/\/www.anglet-electricite.com\/index.php?rest_route=\/wp\/v2\/users\/1"}],"replies":[{"embeddable":true,"href":"https:\/\/www.anglet-electricite.com\/index.php?rest_route=%2Fwp%2Fv2%2Fcomments&post=3345"}],"version-history":[{"count":43,"href":"https:\/\/www.anglet-electricite.com\/index.php?rest_route=\/wp\/v2\/pages\/3345\/revisions"}],"predecessor-version":[{"id":3411,"href":"https:\/\/www.anglet-electricite.com\/index.php?rest_route=\/wp\/v2\/pages\/3345\/revisions\/3411"}],"wp:attachment":[{"href":"https:\/\/www.anglet-electricite.com\/index.php?rest_route=%2Fwp%2Fv2%2Fmedia&parent=3345"}],"curies":[{"name":"wp","href":"https:\/\/api.w.org\/{rel}","templated":true}]}}